{"id":57698,"date":"2026-03-25T15:56:12","date_gmt":"2026-03-25T14:56:12","guid":{"rendered":"https:\/\/www.palexco.com\/?page_id=57698"},"modified":"2026-03-25T15:56:12","modified_gmt":"2026-03-25T14:56:12","slug":"legal-notice-2","status":"publish","type":"page","link":"https:\/\/www.palexco.com\/en\/legal-notice-2\/","title":{"rendered":"Legal Notice"},"content":{"rendered":"<div class=\"wpb-content-wrapper\"><p>[vc_row full_width=&#8221;stretch_row_content&#8221; css=&#8221;.vc_custom_1545130681659{background-position: center !important;background-repeat: no-repeat !important;background-size: contain !important;}&#8221;][vc_column width=&#8221;1\/6&#8243;][\/vc_column][vc_column width=&#8221;2\/3&#8243;][vc_column_text css=&#8221;&#8221;]<\/p>\n<div class=\"elementor-element elementor-element-b6f08db elementor-widget elementor-widget-text-editor\" data-id=\"b6f08db\" data-element_type=\"text-editor.default\">\n<div class=\"elementor-widget-container\">\n<div class=\"elementor-text-editor elementor-clearfix\">\n<p style=\"text-align: center;\"><strong>AVISO LEGAL<\/strong><\/p>\n<p>&nbsp;<\/p>\n<p>De acuerdo con lo dispuesto en la Ley 34\/2002, de Servicios de la Sociedad de la Informaci\u00f3n y Comercio Electr\u00f3nico [LSSI-CE (art. 10)], se pone en conocimiento de los usuarios que la titularidad del presente sitio web (https:\/\/www.palexco.com) corresponde a SOCIEDAD DE FOMENTO Y DESARROLLO TUR\u00cdSTICO, S.A.U. (en adelante, SDF). Los datos completos de la Entidad son los siguientes:<strong>\u00a0<\/strong><\/p>\n<p>&nbsp;<\/p>\n<ol>\n<li><strong> Identificaci\u00f3n<\/strong><\/li>\n<\/ol>\n<ul>\n<li>Nombre de la compa\u00f1\u00eda: SOCIEDAD DE FOMENTO Y DESARROLLO TUR\u00cdSTICO, S.A.U.<\/li>\n<li>Direcci\u00f3n: Avenida Enrique Salgado Torres, 11, 15008 de A Coru\u00f1a (A Coru\u00f1a)<\/li>\n<li>CIF: \u00a0A-15146921 \u2013 CNAE 8230 (Organizaci\u00f3n de convenciones y ferias de muestras)<\/li>\n<li>E-MAIL del Delegado de protecci\u00f3n de datos: <a href=\"mailto:sj.cen@grupocomar.com\">cen@grupocomar.com<\/a><\/li>\n<li>Inscrita en el registro mercantil de A Coru\u00f1a, Registro Mercantil de A Coru\u00f1a, al Tomo 629, libro 346 de la Secci\u00f3n 3\u00aa de Sociedades, folio 14, hoja n\u00ba 3.897 inscripci\u00f3n 1\u00aa.<\/li>\n<\/ul>\n<p>&nbsp;<\/p>\n<p>SDF forma parte del Grupo de Empresas COMAR, cuya sociedad matriz es la compa\u00f1\u00eda mercantil \u201cCOMAR INVERSIONES Y DIRECCI\u00d3N DE EMPRESAS, S.L.\u201d (en adelante COMAR) cuyos datos de identificaci\u00f3n son los siguientes:<\/p>\n<ul>\n<li>Nombre de la compa\u00f1\u00eda: COMAR INVERSIONES Y DIRECCI\u00d3N DE EMPRESAS S.L.<\/li>\n<li>Direcci\u00f3n: Avenida Enrique Salgado Torres, 11, 15008 de A Coru\u00f1a (A Coru\u00f1a)<\/li>\n<li>CIF: \u00a0B15581168 \u2013 CNAE: 6420 (actividades de las sociedades holding)<\/li>\n<li>E-MAIL del Delegado de protecci\u00f3n de datos: sj.cen@grupocomar.com<\/li>\n<\/ul>\n<p>Inscrita en el registro mercantil de A Coru\u00f1a, tomo 1.858, secci\u00f3n General, folio 89, hoja n\u00ba C-17.142, inscripci\u00f3n 1\u00aa.<strong>\u00a0<\/strong><\/p>\n<p>&nbsp;<\/p>\n<p>&nbsp;<\/p>\n<ol start=\"2\">\n<li><strong> Objeto<\/strong><\/li>\n<\/ol>\n<p>SDF pone a disposici\u00f3n de los usuarios el presente AVISO LEGAL con la finalidad de informar de las condiciones de uso del sitio.<\/p>\n<p>La p\u00e1gina web y todos los dominios y directorios incluidos bajo la misma (en adelante conjuntamente denominados como Portal), as\u00ed como los servicios o contenidos que a trav\u00e9s de \u00e9l se puedan obtener, est\u00e1n sujetos a los t\u00e9rminos que se detallan en este AVISO LEGAL, sin perjuicio de que el acceso a alguno de dichos servicios o contenidos pudieran precisar de la aceptaci\u00f3n de una Condiciones Generales adicionales.<\/p>\n<p>Por ello, si las consideraciones detalladas en este AVISO LEGAL no son de su conformidad, rogamos no haga uso del Portal, ya que cualquier uso que haga del mismo o de los servicios y contenidos en \u00e9l incluidos implicar\u00e1 la aceptaci\u00f3n de los t\u00e9rminos legales recogidos en este texto.<\/p>\n<p>La plataforma https:\/\/www.palexco.com variar\u00e1 con el tiempo adapt\u00e1ndose a las necesidades de los usuarios y a las nuevas tecnolog\u00edas. Debido a todo esto, SDF, se reserva el derecho a modificar cualquier tipo de informaci\u00f3n que pudiera aparecer en el sitio web, sin que exista obligaci\u00f3n de preavisar o poner en conocimiento del usuario dichas modificaciones, entendi\u00e9ndose como suficiente su publicaci\u00f3n en el propio sitio web.<\/p>\n<ol start=\"3\">\n<li><strong> Condiciones de acceso y uso<\/strong><\/li>\n<li>El acceso y navegaci\u00f3n a esta web y a los servicios de esta, en todo lo que no tenga car\u00e1cter gratuito o imponga una serie de obligaciones, requiere que el Usuario sea mayor de edad y disponga de la capacidad legal y representaci\u00f3n necesaria para obligarse jur\u00eddicamente. La utilizaci\u00f3n de los servicios ofrecidos en la web implica que el Usuario declara cumplir estos requisitos.<\/li>\n<li>El acceso a la web es libre y quien accede adquiere la condici\u00f3n de Usuario. Los usuarios pueden acceder a los contenidos o incluso ponerse en contacto con sus administradores. El Usuario debe pues, leer, entender y aceptar las presentes condiciones de uso antes de proceder a la navegaci\u00f3n y\/o uso de los servicios, lo que supondr\u00e1 su expresa aceptaci\u00f3n y adhesi\u00f3n a las mismas en los t\u00e9rminos y condiciones que se expresan a continuaci\u00f3n:<\/li>\n<li>Comprometerse a realizar un uso correcto de los recursos, con estricto cumplimiento de la legislaci\u00f3n vigente, con respeto al conjunto de normas de comportamiento general en Internet. El usuario se compromete a no utilizar el sitio web con finalidades ilegales o de forma que se lesionen los derechos de terceros El usuario se obliga a abstenerse de utilizar la aplicaci\u00f3n telem\u00e1tica con fines o efectos il\u00edcitos, contrarios a lo establecido en el presente documento y en la aplicaci\u00f3n telem\u00e1tica, lesivos de los derechos e intereses de SDF,\u00a0 y de terceros, o que de cualquier forma puedan da\u00f1ar, inutilizar, sobrecargar o deteriorar la aplicaci\u00f3n telem\u00e1tica o impedir la normal utilizaci\u00f3n o disfrute de la aplicaci\u00f3n telem\u00e1tica por parte de los dem\u00e1s usuarios<\/li>\n<li>Aceptar los t\u00e9rminos y condiciones o bases de participaci\u00f3n de un servicio o recurso concreto cuando estas fueran necesarias, lo que ser\u00e1 expl\u00edcitamente requerido en su caso.<\/li>\n<li>En la web existe informaci\u00f3n simplificada, o bien redactada con el \u00e1nimo de hacer m\u00e1s f\u00e1cil su comprensi\u00f3n para la generalidad de los usuarios, por lo que SDF, no se hace responsable de las interpretaciones err\u00f3neas derivadas de la informaci\u00f3n aqu\u00ed contenida.<\/li>\n<li>No se podr\u00e1 usar la Web para fines il\u00edcitos, contrarios a la moral o al orden p\u00fablico en cualquiera de sus expresiones, o constitutivas de delito.<\/li>\n<li>De cualquier forma, el titular no se hace responsable en ning\u00fan caso por los da\u00f1os originados como consecuencia de hechos fortuitos o imprevisibles, ni por aquellos otros que puedan ser consecuencia del comportamiento negligente del Usuario.<\/li>\n<li><strong> Propiedad Intelectual e Industrial<\/strong><\/li>\n<\/ol>\n<p>Todos los contenidos, marcas, dise\u00f1os, logos, iconos, botones, software, nombres comerciales, nombres de dominio, y cualesquiera otros signos o elementos susceptibles de protecci\u00f3n por derechos de propiedad intelectual e industrial que formen parte del presente sitio web son propiedad de SDF, o de terceros que han autorizado debidamente su inclusi\u00f3n en el mismo y que figuran como autores o titulares de los derechos.<\/p>\n<p>El acceso a la Web no otorga a los Usuarios derecho ni titularidad alguna sobre los derechos de propiedad intelectual y\/o industrial de los contenidos que alberga.\u00a0La Web est\u00e1 protegido por las leyes que regulan la propiedad intelectual e industrial, incluyendo todos los derechos de autor, patentes, derechos de secreto comercial, marcas y cualquier otro derecho de propiedad intelectual o industrial, quedando terminantemente prohibida la distribuci\u00f3n, reproducci\u00f3n, transmisi\u00f3n, comunicaci\u00f3n, modificaci\u00f3n, transformaci\u00f3n, registro o archivo, total o parcial, de la misma, cualquiera que sea el medio a utilizar, sin la autorizaci\u00f3n previa y expresa de\u00a0SDF, fuera de lo expresamente permitido por las presentes Condiciones de Uso.<\/p>\n<p>Los derechos de propiedad intelectual de las herramientas, la informaci\u00f3n y material que aparecen en la misma, as\u00ed como de su disposici\u00f3n (con car\u00e1cter enunciativo y no limitativo, c\u00f3digo fuente, dise\u00f1o gr\u00e1fico, software y contenidos) pertenecen a SDF o a COMAR, a salvo que se indique lo contrario, y se encuentran protegidos por la normativa de Propiedad Intelectual e Industrial, contando con las licencias necesarias para su utilizaci\u00f3n y no pudiendo ser objeto de explotaci\u00f3n alguna por los Usuarios. En consecuencia, los Usuarios de la Web se comprometen a no reproducir, modificar, exhibir, vender, comunicar, transformar o distribuir el contenido ni a usarlo de cualquier otro modo sea cual fuere su finalidad, sin la autorizaci\u00f3n del autor o de sdf.<\/p>\n<p>&nbsp;<\/p>\n<p>No est\u00e1 permitido suprimir, eludir o manipular el aviso de derechos de autor (\u201c<em>Copyright<\/em>\u201d) y cualesquiera otros datos de identificaci\u00f3n de los derechos de SDF, o de terceros incorporados en las herramientas. SDF o COMAR, se reservan la posibilidad de ejercer las acciones legales que correspondan contra los Usuarios que violen o infrinjan los derechos de propiedad intelectual y\/o industrial.<\/p>\n<p>&nbsp;<\/p>\n<p>Al usuario le queda prohibido, de forma enunciativa pero no limitativa, realizar ingenier\u00eda inversa, descompilar, desensamblar, reproducir, traducir, modificar, versionar, comercializar, duplicar, transformar ni transmitir a persona o entidad, parcialmente o en su totalidad, en forma o por medio alguno, ya sea mec\u00e1nico, magn\u00e9tico, por fotocopia o cualquier otro, o eliminar cualquier aviso de propiedad o etiquetas de la aplicaci\u00f3n telem\u00e1tica, de forma enunciativa y no limitativa, los diagramas l\u00f3gicos, c\u00f3digos fuente, objeto y\/o el modelo de datos, sin previa y expresa autorizaci\u00f3n por escrito sdf.<\/p>\n<p>&nbsp;<\/p>\n<p>En ning\u00fan caso se entender\u00e1 que se concede licencia alguna o se efect\u00faa renuncia, transmisi\u00f3n, cesi\u00f3n total o parcial de dichos derechos, ni se confiere ning\u00fan derecho, y en especial, de explotaci\u00f3n, reproducci\u00f3n, distribuci\u00f3n, transformaci\u00f3n o comunicaci\u00f3n p\u00fablica sobre dichos contenidos sin la previa autorizaci\u00f3n expresa y por escrito de SDF, (en lo que respecta al dise\u00f1o del sitio o al uso de la marca) o de los terceros correspondientes.<\/p>\n<p>&nbsp;<\/p>\n<p>Las marcas deber\u00e1n utilizarse de conformidad con los usos comerciales sobre marcas, incluida la menci\u00f3n del nombre del propietario de la marca.<\/p>\n<ol start=\"5\">\n<li><strong> Responsabilidad<\/strong><\/li>\n<\/ol>\n<p>SDF facilita el acceso a otras p\u00e1ginas web que se consideran de inter\u00e9s. El objetivo de dichos enlaces es \u00fanicamente facilitar al usuario la b\u00fasqueda de los recursos que le puedan interesar a trav\u00e9s de Internet. No obstante, dichas p\u00e1ginas no le pertenecen, ni hace una revisi\u00f3n de sus contenidos y, por ello, no puede hacerse responsable de los mismos, del funcionamiento de la p\u00e1gina enlazada o de los posibles da\u00f1os que puedan derivarse del acceso o uso de esta.<\/p>\n<p>Se proh\u00edbe expresamente la realizaci\u00f3n de \u201c<em>framings<\/em>\u201d o la utilizaci\u00f3n por parte de terceros de cualesquiera otros mecanismos que alteren el dise\u00f1o, configuraci\u00f3n original o contenidos de su Portal. SDF, se exime de cualquier tipo de responsabilidad derivada de la informaci\u00f3n publicada en su sitio web, siempre que esta informaci\u00f3n haya sido manipulada o introducida por un tercero ajeno al mismo.<\/p>\n<p>SDF, no se hace responsable de la informaci\u00f3n y contenidos almacenados, a t\u00edtulo enunciativo, pero no limitativo, en foros, generadores de blogs, comentarios, redes sociales o cualesquiera otros medios que permita a terceros publicar contenidos de forma independiente en https:\/\/www.palexco.com. En caso de que el usuario considere que existe en el sitio web alg\u00fan contenido que pudiera ser susceptible de afectar o contravenir la legislaci\u00f3n nacional, o internacional, derechos de terceros o la moral y el orden p\u00fablico, se ruega lo notifique de forma inmediata a\u00a0<a href=\"mailto:sj.cen@grupocomar.com\">sj.cen@grupocomar.com<\/a>.<\/p>\n<p>&nbsp;<\/p>\n<p>Ni SDF ni COMAR asumen ninguna responsabilidad derivada, o que pueda derivarse, de la utilizaci\u00f3n que los usuarios hagan de las informaciones y contenidos del sitio web.<\/p>\n<p>SDF no puede garantizar que la disponibilidad del servicio sea continua e ininterrumpida en todo momento, debido a la posibilidad de que aparezcan problemas t\u00e9cnicos en la red, prestadores de servicios de telecomunicaciones, aver\u00edas en los equipos y otras posibles contingencias imprevisibles como reparaciones, mantenimiento y actualizaci\u00f3n de software. En cualquier caso, SDF garantiza que intentar\u00e1 solventar dichos problemas en el menor tiempo posible.<\/p>\n<p>Pese a haber tomado todas las precauciones necesarias para proporcionar informaciones actuales y exactas en el sitio web, SDF no puede garantizar la actualizaci\u00f3n de toda la informaci\u00f3n facilitada ni la falta de errores u omisiones.<\/p>\n<p>El usuario reconoce y acepta que el acceso y uso del sitio web y\/o de los Contenidos incluidos en el mismo tiene lugar libre y conscientemente, bajo su exclusiva responsabilidad. El acceso al sitio web y\/o a los Contenidos incluidos en el mismo no implica ning\u00fan tipo de garant\u00eda respecto a la idoneidad del Portal y\/o de los Contenidos incluidos en el mismo para fines particulares o espec\u00edficos de los usuarios. SDF podr\u00e1 establecer limitaciones y\/o condiciones adicionales para el uso y\/o acceso al sitio web y\/o a los Contenidos, las cuales deber\u00e1n ser observadas por los usuarios en todo caso.<\/p>\n<ol start=\"6\">\n<li><strong> Comunicaciones<\/strong><\/li>\n<\/ol>\n<p>Para cualquier comunicaci\u00f3n, el Usuario deber\u00e1 dirigirse al domicilio indicado, o mediante cualquiera de los distintos medios de comunicaci\u00f3n (correo certificado o e-mail) que se indican en la secci\u00f3n CONTACTO de la Web (<a href=\"mailto:sj.cen@grupocomar.com\">sj.cen@grupocomar.com<\/a>), tel\u00e9fono 981180000 (departamento legal).<\/p>\n<p>Por su parte, las comunicaciones de SDF al Usuario se realizar\u00e1n a trav\u00e9s y seg\u00fan los datos aportados al registrarse o que consten en la primera comunicaci\u00f3n que sea enviada por parte del propio Usuario.<\/p>\n<ol start=\"7\">\n<li><strong> Legislaci\u00f3n y jurisdicci\u00f3n aplicable<\/strong><\/li>\n<\/ol>\n<p>Los t\u00e9rminos y condiciones que rigen esta web y todas las relaciones que pudieran derivarse se encuentran salvaguardados por la legislaci\u00f3n espa\u00f1ola.<\/p>\n<p>Todo litigio, discrepancia, cuesti\u00f3n o reclamaci\u00f3n derivado de la ejecuci\u00f3n o interpretaci\u00f3n de las presentes condiciones o relacionado con ellas, as\u00ed como de otros textos recogidos en la web, se regir\u00e1 y resolver\u00e1 con sometimiento a la legislaci\u00f3n espa\u00f1ola y a los\u00a0<u>Juzgados y Tribunales de A Coru\u00f1a<\/u>, a la que se someten expresamente las partes, salvo para en caso de aplicaci\u00f3n de la normativa espec\u00edfica en materia de protecci\u00f3n de consumidores y usuarios.<\/p>\n<p>No obstante, con car\u00e1cter previo al ejercicio de cualquier acci\u00f3n civil o penal que seg\u00fan la ley corresponda, la Entidad y el Usuario se comprometen a resolverla de com\u00fan acuerdo antes y durante el plazo de un (1) mes, contado desde la fecha en que una de las partes notifique por escrito a la otra, su pretensi\u00f3n.<\/p>\n<p>&nbsp;<\/p>\n<p>Ultima actualizaci\u00f3n del aviso legal: noviembre 2025<\/p>\n<\/div>\n<\/div>\n<\/div>\n<p>[\/vc_column_text][\/vc_column][vc_column width=&#8221;1\/6&#8243;][\/vc_column][\/vc_row]<\/p>\n<\/div>","protected":false},"excerpt":{"rendered":"<p>[vc_row full_width=&rdquo;stretch_row_content&rdquo; css=&rdquo;.vc_custom_1545130681659{background-position: center !important;background-repeat: no-repeat !important;background-size: contain !important;}&rdquo;][vc_column width=&rdquo;1\/6&Prime;][\/vc_column][vc_column width=&rdquo;2\/3&Prime;][vc_column_text css=&rdquo;&rdquo;] AVISO LEGAL &nbsp; De acuerdo con lo dispuesto en la Ley 34\/2002, de Servicios de la Sociedad de&hellip;<\/p>\n","protected":false},"author":1,"featured_media":0,"parent":0,"menu_order":0,"comment_status":"closed","ping_status":"closed","template":"","meta":{"_monsterinsights_skip_tracking":false,"_monsterinsights_sitenote_active":false,"_monsterinsights_sitenote_note":"","_monsterinsights_sitenote_category":0,"footnotes":""},"class_list":["post-57698","page","type-page","status-publish","hentry","description-off"],"yoast_head":"<!-- This site is optimized with the Yoast SEO plugin v27.5 - https:\/\/yoast.com\/product\/yoast-seo-wordpress\/ -->\n<title>Legal Notice - Palexco<\/title>\n<meta name=\"robots\" content=\"index, follow, max-snippet:-1, max-image-preview:large, max-video-preview:-1\" \/>\n<link rel=\"canonical\" href=\"https:\/\/www.palexco.com\/en\/legal-notice-2\/\" \/>\n<meta property=\"og:locale\" content=\"en_US\" \/>\n<meta property=\"og:type\" content=\"article\" \/>\n<meta property=\"og:title\" content=\"Legal Notice - Palexco\" \/>\n<meta property=\"og:description\" content=\"[vc_row full_width=&rdquo;stretch_row_content&rdquo; css=&rdquo;.vc_custom_1545130681659{background-position: center !important;background-repeat: no-repeat !important;background-size: contain !important;}&rdquo;][vc_column width=&rdquo;1\/6&Prime;][\/vc_column][vc_column width=&rdquo;2\/3&Prime;][vc_column_text css=&rdquo;&rdquo;] AVISO LEGAL &nbsp; De acuerdo con lo dispuesto en la Ley 34\/2002, de Servicios de la Sociedad de&hellip;\" \/>\n<meta property=\"og:url\" content=\"https:\/\/www.palexco.com\/en\/legal-notice-2\/\" \/>\n<meta property=\"og:site_name\" content=\"Palexco\" \/>\n<meta property=\"article:publisher\" content=\"https:\/\/www.facebook.com\/Palexco\/\" \/>\n<meta name=\"twitter:card\" content=\"summary_large_image\" \/>\n<meta name=\"twitter:site\" content=\"@Palexco\" \/>\n<meta name=\"twitter:label1\" content=\"Est. reading time\" \/>\n\t<meta name=\"twitter:data1\" content=\"12 minutes\" \/>\n<script type=\"application\/ld+json\" class=\"yoast-schema-graph\">{\"@context\":\"https:\\\/\\\/schema.org\",\"@graph\":[{\"@type\":\"WebPage\",\"@id\":\"https:\\\/\\\/www.palexco.com\\\/en\\\/legal-notice-2\\\/\",\"url\":\"https:\\\/\\\/www.palexco.com\\\/en\\\/legal-notice-2\\\/\",\"name\":\"Legal Notice - Palexco\",\"isPartOf\":{\"@id\":\"https:\\\/\\\/www.palexco.com\\\/en\\\/#website\"},\"datePublished\":\"2026-03-25T14:56:12+00:00\",\"breadcrumb\":{\"@id\":\"https:\\\/\\\/www.palexco.com\\\/en\\\/legal-notice-2\\\/#breadcrumb\"},\"inLanguage\":\"en-US\",\"potentialAction\":[{\"@type\":\"ReadAction\",\"target\":[\"https:\\\/\\\/www.palexco.com\\\/en\\\/legal-notice-2\\\/\"]}]},{\"@type\":\"BreadcrumbList\",\"@id\":\"https:\\\/\\\/www.palexco.com\\\/en\\\/legal-notice-2\\\/#breadcrumb\",\"itemListElement\":[{\"@type\":\"ListItem\",\"position\":1,\"name\":\"Portada\",\"item\":\"https:\\\/\\\/www.palexco.com\\\/en\\\/\"},{\"@type\":\"ListItem\",\"position\":2,\"name\":\"Legal Notice\"}]},{\"@type\":\"WebSite\",\"@id\":\"https:\\\/\\\/www.palexco.com\\\/en\\\/#website\",\"url\":\"https:\\\/\\\/www.palexco.com\\\/en\\\/\",\"name\":\"PALEXCO\",\"description\":\"Exposition and conference palace\",\"publisher\":{\"@id\":\"https:\\\/\\\/www.palexco.com\\\/en\\\/#organization\"},\"potentialAction\":[{\"@type\":\"SearchAction\",\"target\":{\"@type\":\"EntryPoint\",\"urlTemplate\":\"https:\\\/\\\/www.palexco.com\\\/en\\\/?s={search_term_string}\"},\"query-input\":{\"@type\":\"PropertyValueSpecification\",\"valueRequired\":true,\"valueName\":\"search_term_string\"}}],\"inLanguage\":\"en-US\"},{\"@type\":\"Organization\",\"@id\":\"https:\\\/\\\/www.palexco.com\\\/en\\\/#organization\",\"name\":\"PALEXCO\",\"url\":\"https:\\\/\\\/www.palexco.com\\\/en\\\/\",\"logo\":{\"@type\":\"ImageObject\",\"inLanguage\":\"en-US\",\"@id\":\"https:\\\/\\\/www.palexco.com\\\/en\\\/#\\\/schema\\\/logo\\\/image\\\/\",\"url\":\"https:\\\/\\\/www.palexco.com\\\/wp-content\\\/uploads\\\/2018\\\/10\\\/logo-Palexco-220.png\",\"contentUrl\":\"https:\\\/\\\/www.palexco.com\\\/wp-content\\\/uploads\\\/2018\\\/10\\\/logo-Palexco-220.png\",\"width\":220,\"height\":76,\"caption\":\"PALEXCO\"},\"image\":{\"@id\":\"https:\\\/\\\/www.palexco.com\\\/en\\\/#\\\/schema\\\/logo\\\/image\\\/\"},\"sameAs\":[\"https:\\\/\\\/www.facebook.com\\\/Palexco\\\/\",\"https:\\\/\\\/x.com\\\/Palexco\",\"https:\\\/\\\/www.instagram.com\\\/palexcocoruna\\\/\"]}]}<\/script>\n<!-- \/ Yoast SEO plugin. -->","yoast_head_json":{"title":"Legal Notice - Palexco","robots":{"index":"index","follow":"follow","max-snippet":"max-snippet:-1","max-image-preview":"max-image-preview:large","max-video-preview":"max-video-preview:-1"},"canonical":"https:\/\/www.palexco.com\/en\/legal-notice-2\/","og_locale":"en_US","og_type":"article","og_title":"Legal Notice - Palexco","og_description":"[vc_row full_width=&rdquo;stretch_row_content&rdquo; css=&rdquo;.vc_custom_1545130681659{background-position: center !important;background-repeat: no-repeat !important;background-size: contain !important;}&rdquo;][vc_column width=&rdquo;1\/6&Prime;][\/vc_column][vc_column width=&rdquo;2\/3&Prime;][vc_column_text css=&rdquo;&rdquo;] AVISO LEGAL &nbsp; De acuerdo con lo dispuesto en la Ley 34\/2002, de Servicios de la Sociedad de&hellip;","og_url":"https:\/\/www.palexco.com\/en\/legal-notice-2\/","og_site_name":"Palexco","article_publisher":"https:\/\/www.facebook.com\/Palexco\/","twitter_card":"summary_large_image","twitter_site":"@Palexco","twitter_misc":{"Est. reading time":"12 minutes"},"schema":{"@context":"https:\/\/schema.org","@graph":[{"@type":"WebPage","@id":"https:\/\/www.palexco.com\/en\/legal-notice-2\/","url":"https:\/\/www.palexco.com\/en\/legal-notice-2\/","name":"Legal Notice - Palexco","isPartOf":{"@id":"https:\/\/www.palexco.com\/en\/#website"},"datePublished":"2026-03-25T14:56:12+00:00","breadcrumb":{"@id":"https:\/\/www.palexco.com\/en\/legal-notice-2\/#breadcrumb"},"inLanguage":"en-US","potentialAction":[{"@type":"ReadAction","target":["https:\/\/www.palexco.com\/en\/legal-notice-2\/"]}]},{"@type":"BreadcrumbList","@id":"https:\/\/www.palexco.com\/en\/legal-notice-2\/#breadcrumb","itemListElement":[{"@type":"ListItem","position":1,"name":"Portada","item":"https:\/\/www.palexco.com\/en\/"},{"@type":"ListItem","position":2,"name":"Legal Notice"}]},{"@type":"WebSite","@id":"https:\/\/www.palexco.com\/en\/#website","url":"https:\/\/www.palexco.com\/en\/","name":"PALEXCO","description":"Exposition and conference palace","publisher":{"@id":"https:\/\/www.palexco.com\/en\/#organization"},"potentialAction":[{"@type":"SearchAction","target":{"@type":"EntryPoint","urlTemplate":"https:\/\/www.palexco.com\/en\/?s={search_term_string}"},"query-input":{"@type":"PropertyValueSpecification","valueRequired":true,"valueName":"search_term_string"}}],"inLanguage":"en-US"},{"@type":"Organization","@id":"https:\/\/www.palexco.com\/en\/#organization","name":"PALEXCO","url":"https:\/\/www.palexco.com\/en\/","logo":{"@type":"ImageObject","inLanguage":"en-US","@id":"https:\/\/www.palexco.com\/en\/#\/schema\/logo\/image\/","url":"https:\/\/www.palexco.com\/wp-content\/uploads\/2018\/10\/logo-Palexco-220.png","contentUrl":"https:\/\/www.palexco.com\/wp-content\/uploads\/2018\/10\/logo-Palexco-220.png","width":220,"height":76,"caption":"PALEXCO"},"image":{"@id":"https:\/\/www.palexco.com\/en\/#\/schema\/logo\/image\/"},"sameAs":["https:\/\/www.facebook.com\/Palexco\/","https:\/\/x.com\/Palexco","https:\/\/www.instagram.com\/palexcocoruna\/"]}]}},"_links":{"self":[{"href":"https:\/\/www.palexco.com\/en\/wp-json\/wp\/v2\/pages\/57698","targetHints":{"allow":["GET"]}}],"collection":[{"href":"https:\/\/www.palexco.com\/en\/wp-json\/wp\/v2\/pages"}],"about":[{"href":"https:\/\/www.palexco.com\/en\/wp-json\/wp\/v2\/types\/page"}],"author":[{"embeddable":true,"href":"https:\/\/www.palexco.com\/en\/wp-json\/wp\/v2\/users\/1"}],"replies":[{"embeddable":true,"href":"https:\/\/www.palexco.com\/en\/wp-json\/wp\/v2\/comments?post=57698"}],"version-history":[{"count":1,"href":"https:\/\/www.palexco.com\/en\/wp-json\/wp\/v2\/pages\/57698\/revisions"}],"predecessor-version":[{"id":57699,"href":"https:\/\/www.palexco.com\/en\/wp-json\/wp\/v2\/pages\/57698\/revisions\/57699"}],"wp:attachment":[{"href":"https:\/\/www.palexco.com\/en\/wp-json\/wp\/v2\/media?parent=57698"}],"curies":[{"name":"wp","href":"https:\/\/api.w.org\/{rel}","templated":true}]}}